{"id":11878,"date":"2024-11-29T08:53:45","date_gmt":"2024-11-29T08:53:45","guid":{"rendered":"https:\/\/www.manidus.de\/?page_id=11878"},"modified":"2025-04-22T13:27:16","modified_gmt":"2025-04-22T13:27:16","slug":"firmengeschichte","status":"publish","type":"page","link":"https:\/\/www.manidus.de\/en\/firmengeschichte\/","title":{"rendered":"Firmengeschichte"},"content":{"rendered":"<div class=\"gb-grid-wrapper gb-grid-wrapper-bcb12480\">\n<div class=\"gb-grid-column gb-grid-column-a6bed92d\"><div class=\"gb-container gb-container-a6bed92d\"><div class=\"gb-inside-container\">\n\n<blockquote class=\"wp-block-quote zitat80 is-layout-flow wp-block-quote-is-layout-flow\">\n<p style=\"font-size:25px\">&#8220;WE MAKE YOUR IDEAS WORK.&#8221;<\/p>\n<cite>Unser Leitsatz steht im Fokus eines jeden Projekts.<\/cite><\/blockquote>\n\n\n\n<p><br><\/p>\n\n\n\n<h2 class=\"wp-block-heading\">about MaNidus<\/h2>\n\n\n\n<p id=\"tw-target-text\">We combine our core competency, structural planning, with modern and digital planning methods to generate the greatest added value for your project. Model-based planning is a given for us and you will notice the advantages of this in the early project phases. From residential areas to apartment buildings, office buildings, schools and local supply centers: we are available with our expertise and full commitment.<br><\/p>\n\n\n\n<p><br><br><br><\/p>\n\n\n\n<h2 class=\"wp-block-heading\">Markus Nitschke &amp; Tom Frackenpohl<\/h2>\n\n\n\n<p id=\"tw-target-text\">Since it was founded jointly by Markus Nitschke and Tom Frackenpohl, MaNidus has established itself as an innovative company that always strives to create new things and face the challenges of the future.<\/p>\n\n\n\n<div class=\"wp-block-media-text alignwide is-stacked-on-mobile is-vertically-aligned-center\"><figure class=\"wp-block-media-text__media\"><img loading=\"lazy\" decoding=\"async\" width=\"500\" height=\"751\" src=\"https:\/\/www.manidus.de\/WordPress_02\/wp-content\/uploads\/Bild_Markus_Tom-500.jpg\" alt=\"\" class=\"wp-image-5447 size-full\" srcset=\"https:\/\/www.manidus.de\/WordPress_02\/wp-content\/uploads\/Bild_Markus_Tom-500.jpg 500w, https:\/\/www.manidus.de\/WordPress_02\/wp-content\/uploads\/Bild_Markus_Tom-500-200x300.jpg 200w\" sizes=\"(max-width: 500px) 100vw, 500px\" \/><\/figure><div class=\"wp-block-media-text__content\">\n<h4 class=\"wp-block-heading\"><br>M.Sc. Tom Frackenpohl<\/h4>\n\n\n\n<ul>\n<li>mehrj\u00e4hrige Erfahrung in der Planung und Projektleitung im Bereich Tragwerksplanung<\/li>\n\n\n\n<li>Lehrt\u00e4tigkeit an der Berliner Hochschule f\u00fcr Technik (Fachrichtung Massivbau)<\/li>\n\n\n\n<li>Baukammerpreistr\u00e4ger 2020 f\u00fcr herausragende Masterarbeit (Zur computergest\u00fctzten Generierung von Stabwerkmodellen, TU Berlin)<\/li>\n\n\n\n<li>Baukammer Mitglied<\/li>\n\n\n\n<li>buildingSMART German Chapter Mitglied<\/li>\n\n\n\n<li>buildingSMART Zertifizierung &#8211; openBIM (BuildingSMART Professional Certification Program)<\/li>\n\n\n\n<li>Nachweisberechtigter Tragwerksplaner der Baukammer Berlin, Listennummer TWP-11622<br><\/li>\n<\/ul>\n\n\n\n<h4 class=\"wp-block-heading\">Dipl.-Ing. Markus Nitschke<\/h4>\n\n\n\n<ul>\n<li>20 Jahre Berufserfahrung<\/li>\n\n\n\n<li>Leitende T\u00e4tigkeiten in der Tragwerksplanung<\/li>\n\n\n\n<li>Mehrj\u00e4hrige Erfahrung in der Planungskoordination Rohbau von Gro\u00dfbaustellen<\/li>\n\n\n\n<li>Lehrt\u00e4tigkeit an der Berliner Hochschule f\u00fcr Technik (Fachrichtung Massivbau)<\/li>\n\n\n\n<li>Baukammer Mitglied<\/li>\n\n\n\n<li>Nachweisberechtigter Tragwerksplaner nach der Brandenburgischen Bauordnung, Listennummer 91426<\/li>\n<\/ul>\n<\/div><\/div>\n\n\n\n<p><br><br><\/p>\n\n\n\n<blockquote class=\"wp-block-quote zitat80 is-layout-flow wp-block-quote-is-layout-flow\">\n<p id=\"tw-target-text\">&#8220;Working in partnership, be it with customers, specialist planners or internally in the team, is the key to our success. We value our partnerships and know that they make us stronger.&#8221;<\/p>\n<cite>Markus Nitscke<\/cite><\/blockquote>\n\n\n\n<p><\/p>\n\n\n\n<p><br><\/p>\n\n\n\n<h2 class=\"wp-block-heading\">UNTERNEHMENSENTWICKLUNG<\/h2>\n\n\n\n<p id=\"tw-target-text\">As a team, we have developed digital planning processes through which we maximize our quality and optimize resources and materials. At the same time<br>Our focus is on developing new, sustainable planning concepts.<br><\/p>\n\n\n\n<h3 class=\"wp-block-heading\">2021<\/h3>\n\n\n\n<p>Founding the company and building a motivated and both professionally and culturally diverse team<\/p>\n\n\n\n<h3 class=\"wp-block-heading\">2022<\/h3>\n\n\n\n<p>Official member of buildingSMART<br>BIM certification for employees<\/p>\n\n\n\n<h3 class=\"wp-block-heading\">2023<\/h3>\n\n\n\n<p>Expansion of BIM competence<br>Expansion of expertise in the area of \u200b\u200bsustainable construction with wood-concrete hybrid constructions<\/p>\n\n<\/div><\/div><\/div>\n<\/div>","protected":false},"excerpt":{"rendered":"","protected":false},"author":2,"featured_media":0,"parent":0,"menu_order":0,"comment_status":"closed","ping_status":"closed","template":"","meta":{"pgc_sgb_lightbox_settings":"","footnotes":""},"translation":{"provider":"WPGlobus","version":"3.0.2","language":"en","enabled_languages":["de","en"],"languages":{"de":{"title":true,"content":true,"excerpt":false},"en":{"title":false,"content":true,"excerpt":false}}},"yoast_head":"<!-- This site is optimized with the Yoast SEO plugin v24.5 - https:\/\/yoast.com\/wordpress\/plugins\/seo\/ -->\n<title>Firmengeschichte und Mitarbeiter - MaNidus - Bauingenieure aus Berlin, Statik, Planung<\/title>\n<meta name=\"robots\" content=\"index, follow, max-snippet:-1, max-image-preview:large, max-video-preview:-1\" \/>\n<link rel=\"canonical\" href=\"https:\/\/www.manidus.de\/firmengeschichte\/\" \/>\n<meta property=\"og:locale\" content=\"en_US\" \/>\n<meta property=\"og:type\" content=\"article\" \/>\n<meta property=\"og:title\" content=\"MaNidus - Firmengeschichte\" \/>\n<meta property=\"og:url\" content=\"https:\/\/www.manidus.de\/firmengeschichte\/\" \/>\n<meta property=\"og:site_name\" content=\"MaNidus\" \/>\n<meta property=\"article:modified_time\" content=\"2025-04-22T13:27:16+00:00\" \/>\n<meta property=\"og:image\" content=\"https:\/\/www.manidus.de\/WordPress_02\/wp-content\/uploads\/Bild_Markus_Tom-500.jpg\" \/>\n\t<meta property=\"og:image:width\" content=\"500\" \/>\n\t<meta property=\"og:image:height\" content=\"751\" \/>\n\t<meta property=\"og:image:type\" content=\"image\/jpeg\" \/>\n<meta name=\"twitter:card\" content=\"summary_large_image\" \/>\n<meta name=\"twitter:label1\" content=\"Est. reading time\" \/>\n\t<meta name=\"twitter:data1\" content=\"2 minutes\" \/>\n<!-- \/ Yoast SEO plugin. -->","yoast_head_json":{"title":"Firmengeschichte und Mitarbeiter - MaNidus - Bauingenieure aus Berlin, Statik, Planung","robots":{"index":"index","follow":"follow","max-snippet":"max-snippet:-1","max-image-preview":"max-image-preview:large","max-video-preview":"max-video-preview:-1"},"canonical":"https:\/\/www.manidus.de\/firmengeschichte\/","og_locale":"en_US","og_type":"article","og_title":"MaNidus - Firmengeschichte","og_url":"https:\/\/www.manidus.de\/firmengeschichte\/","og_site_name":"MaNidus","article_modified_time":"2025-04-22T13:27:16+00:00","og_image":[{"width":500,"height":751,"url":"https:\/\/www.manidus.de\/WordPress_02\/wp-content\/uploads\/Bild_Markus_Tom-500.jpg","type":"image\/jpeg"}],"twitter_card":"summary_large_image","twitter_misc":{"Est. reading time":"2 minutes"},"schema":{"@context":"https:\/\/schema.org","@graph":[{"@type":"WebPage","@id":"https:\/\/www.manidus.de\/firmengeschichte\/","url":"https:\/\/www.manidus.de\/firmengeschichte\/","name":"Firmengeschichte und Mitarbeiter - MaNidus - Bauingenieure aus Berlin, Statik, Planung","isPartOf":{"@id":"https:\/\/www.manidus.de\/#website"},"primaryImageOfPage":{"@id":"https:\/\/www.manidus.de\/firmengeschichte\/#primaryimage"},"image":{"@id":"https:\/\/www.manidus.de\/firmengeschichte\/#primaryimage"},"thumbnailUrl":"https:\/\/www.manidus.de\/WordPress_02\/wp-content\/uploads\/Bild_Markus_Tom-500.jpg","datePublished":"2024-11-29T08:53:45+00:00","dateModified":"2025-04-22T13:27:16+00:00","description":"Manidus GmbH, Bauingenieure aus Berlin: B\u00fcro und Mitarbeiter, Tragwerksplanung, Statik, Schal- und Bewehrungsplanung, Ausf\u00fchrungsplanung, BIM","breadcrumb":{"@id":"https:\/\/www.manidus.de\/firmengeschichte\/#breadcrumb"},"inLanguage":"en-US","potentialAction":[{"@type":"ReadAction","target":["https:\/\/www.manidus.de\/firmengeschichte\/"]}]},{"@type":"ImageObject","inLanguage":"en-US","@id":"https:\/\/www.manidus.de\/firmengeschichte\/#primaryimage","url":"https:\/\/www.manidus.de\/WordPress_02\/wp-content\/uploads\/Bild_Markus_Tom-500.jpg","contentUrl":"https:\/\/www.manidus.de\/WordPress_02\/wp-content\/uploads\/Bild_Markus_Tom-500.jpg"},{"@type":"BreadcrumbList","@id":"https:\/\/www.manidus.de\/firmengeschichte\/#breadcrumb","itemListElement":[{"@type":"ListItem","position":1,"name":"Startseite","item":"https:\/\/www.manidus.de\/"},{"@type":"ListItem","position":2,"name":"Firmengeschichte"}]},{"@type":"WebSite","@id":"https:\/\/www.manidus.de\/#website","url":"https:\/\/www.manidus.de\/","name":"MaNidus","description":"","publisher":{"@id":"https:\/\/www.manidus.de\/#organization"},"potentialAction":[{"@type":"SearchAction","target":{"@type":"EntryPoint","urlTemplate":"https:\/\/www.manidus.de\/?s={search_term_string}"},"query-input":{"@type":"PropertyValueSpecification","valueRequired":true,"valueName":"search_term_string"}}],"inLanguage":"en-US"},{"@type":"Organization","@id":"https:\/\/www.manidus.de\/#organization","name":"Manidus GmbH","url":"https:\/\/www.manidus.de\/","logo":{"@type":"ImageObject","inLanguage":"en-US","@id":"https:\/\/www.manidus.de\/#\/schema\/logo\/image\/","url":"https:\/\/www.manidus.de\/WordPress_02\/wp-content\/uploads\/Logo_MN_Rahmen.png","contentUrl":"https:\/\/www.manidus.de\/WordPress_02\/wp-content\/uploads\/Logo_MN_Rahmen.png","width":827,"height":827,"caption":"Manidus GmbH"},"image":{"@id":"https:\/\/www.manidus.de\/#\/schema\/logo\/image\/"}}]}},"_links":{"self":[{"href":"https:\/\/www.manidus.de\/en\/wp-json\/wp\/v2\/pages\/11878"}],"collection":[{"href":"https:\/\/www.manidus.de\/en\/wp-json\/wp\/v2\/pages"}],"about":[{"href":"https:\/\/www.manidus.de\/en\/wp-json\/wp\/v2\/types\/page"}],"author":[{"embeddable":true,"href":"https:\/\/www.manidus.de\/en\/wp-json\/wp\/v2\/users\/2"}],"replies":[{"embeddable":true,"href":"https:\/\/www.manidus.de\/en\/wp-json\/wp\/v2\/comments?post=11878"}],"version-history":[{"count":38,"href":"https:\/\/www.manidus.de\/en\/wp-json\/wp\/v2\/pages\/11878\/revisions"}],"predecessor-version":[{"id":13995,"href":"https:\/\/www.manidus.de\/en\/wp-json\/wp\/v2\/pages\/11878\/revisions\/13995"}],"wp:attachment":[{"href":"https:\/\/www.manidus.de\/en\/wp-json\/wp\/v2\/media?parent=11878"}],"curies":[{"name":"wp","href":"https:\/\/api.w.org\/{rel}","templated":true}]}}