{"id":1709,"date":"2019-05-28T17:33:44","date_gmt":"2019-05-28T17:33:44","guid":{"rendered":"http:\/\/www.manidus.de\/?page_id=1709"},"modified":"2024-11-29T14:54:45","modified_gmt":"2024-11-29T14:54:45","slug":"praktikum","status":"publish","type":"page","link":"https:\/\/www.manidus.de\/en\/praktikum\/","title":{"rendered":"Practicum (m\/f\/i)"},"content":{"rendered":"<div class=\"gb-grid-wrapper gb-grid-wrapper-d0dc0cb1\">\n<div class=\"gb-grid-column gb-grid-column-6d6cd42e\"><div class=\"gb-container gb-container-6d6cd42e\"><div class=\"gb-inside-container\">\n\n<h2 class=\"wp-block-heading\">Pflichtpraktikum im Bereich Tragwerksplanung \/ Konstruktiver Ingenieurbau<\/h2>\n\n<\/div><\/div><\/div>\n\n<div class=\"gb-grid-column gb-grid-column-81d44c46\"><div class=\"gb-container gb-container-81d44c46\"><div class=\"gb-inside-container\">\n\n<p><a href=\"https:\/\/www.manidus.de\/201130_stellenausschreibung_praktikum_tf-00\/\" target=\"_blank\" rel=\"noreferrer noopener\">Flyer Praktikum zum Download<\/a><\/p>\n\n<\/div><\/div><\/div>\n\n<div class=\"gb-grid-column gb-grid-column-1f27bfe2\"><div class=\"gb-container gb-container-1f27bfe2\"><div class=\"gb-inside-container\">\n\n<p><br>F\u00fcr die Unterst\u00fctzung unseres Teams in Berlin suchen wir ab sofort eine\/n <strong>Werkstudent\/IN <br>oder (Pflicht-) Praktikant\/IN (m\/w)<\/strong>.<br><\/p>\n\n\n\n<h3 class=\"wp-block-heading\">Deine Aufgaben:<\/h3>\n\n\n\n<p>&#x25aa; Unterst\u00fctzung bei der Statischen Berechnung und Konstruktion von Hochbauprojekten<br>&#x25aa; Mitwirkung bei der Pr\u00fcfung und Koordination von Schal- und Bewehrungspl\u00e4nen<\/p>\n\n\n\n<h3 class=\"wp-block-heading\">Was Du mitbringst:<\/h3>\n\n\n\n<p>&#x25aa; Erste Kenntnisse und F\u00e4higkeiten in Statik und Massivbau<br>&#x25aa; Selbstst\u00e4ndiges Arbeiten, Engagement<br>&#x25aa; Sprachkenntnisse Deutsch und Englisch von Vorteil<br>&#x25aa; Interesse f\u00fcr Statik-Software (z.B. mb AEC, RFEM) und CAD-Software (ViCADo, ALLPLAN)<\/p>\n\n\n\n<h3 class=\"wp-block-heading\">Was Wir bieten:<\/h3>\n\n\n\n<p>&#x25aa; Spannende Hochbauprojekte<br>&#x25aa; Gute und praxisorientierte Ausbildung<br>&#x25aa; Eine gute und leistungsgerechte Verg\u00fctung<br>&#x25aa; Flexible Arbeitszeiten<br>&#x25aa; Einen modernen Arbeitsplatz in zentraler Lage und in S-Bahn N\u00e4he<br>&#x25aa; Eine langfristige Perspektive<br><br>Dich erwartet ein aufgeschlossenes, kleines Team aus jungen und erfahrenen Ingenieuren.<br><br><br>Bitte sende Deine vollst\u00e4ndigen Bewerbungsunterlagen als PDF unter Nennung des fr\u00fchestm\u00f6glichen Eintrittstermins und Deiner Gehaltsvorstellungen per E-Mail an: <a href=\"mailto:bewerbung@manidus.de\">bewerbung@manidus.de<\/a><br><br>Solltest Du noch Fragen haben, dann nimm gerne Kontakt zu uns auf: Tel. 030 \/ 235 93 22 00<br>Wir freuen uns auf Dich!<\/p>\n\n\n\n<p>Wir freuen uns auf Dich!<\/p>\n\n<\/div><\/div><\/div>\n<\/div>","protected":false},"excerpt":{"rendered":"","protected":false},"author":1,"featured_media":0,"parent":0,"menu_order":0,"comment_status":"closed","ping_status":"closed","template":"","meta":{"pgc_sgb_lightbox_settings":"","footnotes":""},"translation":{"provider":"WPGlobus","version":"3.0.2","language":"en","enabled_languages":["de","en"],"languages":{"de":{"title":true,"content":true,"excerpt":false},"en":{"title":true,"content":false,"excerpt":false}}},"yoast_head":"<!-- This site is optimized with the Yoast SEO plugin v24.5 - https:\/\/yoast.com\/wordpress\/plugins\/seo\/ -->\n<title>MaNidus - Practicum (m\/f\/i)<\/title>\n<meta name=\"robots\" content=\"index, follow, max-snippet:-1, max-image-preview:large, max-video-preview:-1\" \/>\n<link rel=\"canonical\" href=\"https:\/\/www.manidus.de\/praktikum\/\" \/>\n<meta property=\"og:locale\" content=\"en_US\" \/>\n<meta property=\"og:type\" content=\"article\" \/>\n<meta property=\"og:title\" content=\"MaNidus - Practicum (m\/f\/i)\" \/>\n<meta property=\"og:url\" content=\"https:\/\/www.manidus.de\/praktikum\/\" \/>\n<meta property=\"og:site_name\" content=\"MaNidus\" \/>\n<meta property=\"article:modified_time\" content=\"2024-11-29T14:54:45+00:00\" \/>\n<meta name=\"twitter:card\" content=\"summary_large_image\" \/>\n<meta name=\"twitter:label1\" content=\"Est. reading time\" \/>\n\t<meta name=\"twitter:data1\" content=\"2 minutes\" \/>\n<!-- \/ Yoast SEO plugin. -->","yoast_head_json":{"title":"MaNidus - Practicum (m\/f\/i)","robots":{"index":"index","follow":"follow","max-snippet":"max-snippet:-1","max-image-preview":"max-image-preview:large","max-video-preview":"max-video-preview:-1"},"canonical":"https:\/\/www.manidus.de\/praktikum\/","og_locale":"en_US","og_type":"article","og_title":"MaNidus - Practicum (m\/f\/i)","og_url":"https:\/\/www.manidus.de\/praktikum\/","og_site_name":"MaNidus","article_modified_time":"2024-11-29T14:54:45+00:00","twitter_card":"summary_large_image","twitter_misc":{"Est. reading time":"2 minutes"},"schema":{"@context":"https:\/\/schema.org","@graph":[{"@type":"WebPage","@id":"https:\/\/www.manidus.de\/praktikum\/","url":"https:\/\/www.manidus.de\/praktikum\/","name":"MaNidus - Practicum (m\/f\/i)","isPartOf":{"@id":"https:\/\/www.manidus.de\/#website"},"datePublished":"2019-05-28T17:33:44+00:00","dateModified":"2024-11-29T14:54:45+00:00","breadcrumb":{"@id":"https:\/\/www.manidus.de\/praktikum\/#breadcrumb"},"inLanguage":"en-US","potentialAction":[{"@type":"ReadAction","target":["https:\/\/www.manidus.de\/praktikum\/"]}]},{"@type":"BreadcrumbList","@id":"https:\/\/www.manidus.de\/praktikum\/#breadcrumb","itemListElement":[{"@type":"ListItem","position":1,"name":"Startseite","item":"https:\/\/www.manidus.de\/"},{"@type":"ListItem","position":2,"name":"Praktikant\/IN (m\/w\/d)"}]},{"@type":"WebSite","@id":"https:\/\/www.manidus.de\/#website","url":"https:\/\/www.manidus.de\/","name":"MaNidus","description":"","publisher":{"@id":"https:\/\/www.manidus.de\/#organization"},"potentialAction":[{"@type":"SearchAction","target":{"@type":"EntryPoint","urlTemplate":"https:\/\/www.manidus.de\/?s={search_term_string}"},"query-input":{"@type":"PropertyValueSpecification","valueRequired":true,"valueName":"search_term_string"}}],"inLanguage":"en-US"},{"@type":"Organization","@id":"https:\/\/www.manidus.de\/#organization","name":"Manidus GmbH","url":"https:\/\/www.manidus.de\/","logo":{"@type":"ImageObject","inLanguage":"en-US","@id":"https:\/\/www.manidus.de\/#\/schema\/logo\/image\/","url":"https:\/\/www.manidus.de\/WordPress_02\/wp-content\/uploads\/Logo_MN_Rahmen.png","contentUrl":"https:\/\/www.manidus.de\/WordPress_02\/wp-content\/uploads\/Logo_MN_Rahmen.png","width":827,"height":827,"caption":"Manidus GmbH"},"image":{"@id":"https:\/\/www.manidus.de\/#\/schema\/logo\/image\/"}}]}},"_links":{"self":[{"href":"https:\/\/www.manidus.de\/en\/wp-json\/wp\/v2\/pages\/1709"}],"collection":[{"href":"https:\/\/www.manidus.de\/en\/wp-json\/wp\/v2\/pages"}],"about":[{"href":"https:\/\/www.manidus.de\/en\/wp-json\/wp\/v2\/types\/page"}],"author":[{"embeddable":true,"href":"https:\/\/www.manidus.de\/en\/wp-json\/wp\/v2\/users\/1"}],"replies":[{"embeddable":true,"href":"https:\/\/www.manidus.de\/en\/wp-json\/wp\/v2\/comments?post=1709"}],"version-history":[{"count":55,"href":"https:\/\/www.manidus.de\/en\/wp-json\/wp\/v2\/pages\/1709\/revisions"}],"predecessor-version":[{"id":12155,"href":"https:\/\/www.manidus.de\/en\/wp-json\/wp\/v2\/pages\/1709\/revisions\/12155"}],"wp:attachment":[{"href":"https:\/\/www.manidus.de\/en\/wp-json\/wp\/v2\/media?parent=1709"}],"curies":[{"name":"wp","href":"https:\/\/api.w.org\/{rel}","templated":true}]}}