{"id":401,"date":"2019-03-19T16:38:59","date_gmt":"2019-03-19T16:38:59","guid":{"rendered":"http:\/\/wp.manidus.de\/?page_id=401"},"modified":"2025-04-22T13:34:27","modified_gmt":"2025-04-22T13:34:27","slug":"tragwerksplanung","status":"publish","type":"page","link":"https:\/\/www.manidus.de\/en\/tragwerksplanung\/","title":{"rendered":"Structural Engineering"},"content":{"rendered":"<div class=\"gb-grid-wrapper gb-grid-wrapper-5e463114\">\n<div class=\"gb-grid-column gb-grid-column-40b227b5\"><div class=\"gb-container gb-container-40b227b5\"><div class=\"gb-inside-container\">\n\n<h2 class=\"wp-block-heading\">Our services<\/h2>\n\n\n\n<p>The focus of our activities is the planning of structural solutions and the preparation of verifiable static calculations and design plans in reinforced concrete and prestressed concrete, steel construction, timber and masonry construction.<\/p>\n\n\n\n<p>We advise you in the structural and structural issues when it comes to the preservation or the new construction of your construction project but also for example for architectural competitions. We develop constructive solutions in building construction and civil engineering, in concrete and reinforced concrete construction, prefabricated reinforced concrete construction, steel construction, timber construction and masonry construction and realize them in planning.<\/p>\n\n\n\n<p>The architectural design, the requirements of the client for the use of the building as well as its financial requirements as well as the regulations of the building law, the standardization of the monument protection form the framework for our structural work.<br><br><br><\/p>\n\n<\/div><\/div><\/div>\n\n<div class=\"gb-grid-column gb-grid-column-cbefb03d\"><div class=\"gb-container gb-container-cbefb03d\"><div class=\"gb-inside-container\">\n\n<figure class=\"wp-block-image size-full is-resized\"><img loading=\"lazy\" decoding=\"async\" width=\"795\" height=\"795\" src=\"https:\/\/www.manidus.de\/WordPress_02\/wp-content\/uploads\/referenzen2_BAY4.jpg\" alt=\"\" class=\"wp-image-2677\" style=\"width:350px;height:398px\" srcset=\"https:\/\/www.manidus.de\/WordPress_02\/wp-content\/uploads\/referenzen2_BAY4.jpg 795w, https:\/\/www.manidus.de\/WordPress_02\/wp-content\/uploads\/referenzen2_BAY4-300x300.jpg 300w, https:\/\/www.manidus.de\/WordPress_02\/wp-content\/uploads\/referenzen2_BAY4-150x150.jpg 150w, https:\/\/www.manidus.de\/WordPress_02\/wp-content\/uploads\/referenzen2_BAY4-768x768.jpg 768w, https:\/\/www.manidus.de\/WordPress_02\/wp-content\/uploads\/referenzen2_BAY4-230x230.jpg 230w, https:\/\/www.manidus.de\/WordPress_02\/wp-content\/uploads\/referenzen2_BAY4-330x330.jpg 330w\" sizes=\"(max-width: 795px) 100vw, 795px\" \/><figcaption class=\"wp-element-caption\">3D-Berechnungsmodell mit Schnittgr\u00f6\u00dfen<\/figcaption><\/figure>\n\n<\/div><\/div><\/div>\n\n<div class=\"gb-grid-column gb-grid-column-04cb4243\"><div class=\"gb-container gb-container-04cb4243 kasten\"><div class=\"gb-inside-container\">\n\n<p>Of course we use modern structural engineering programs, especially the software from the mbAEC, Dlubal and Allplan Nemetschek houses. <\/p>\n\n<\/div><\/div><\/div>\n\n<div class=\"gb-grid-column gb-grid-column-636b2012\"><div class=\"gb-container gb-container-636b2012\"><div class=\"gb-inside-container\">\n\n<p><br><\/p>\n\n\n\n<h3 class=\"wp-block-heading\">Working method &#8211; 3D and BIM oriented<\/h3>\n\n\n\n<p>We work on all our projects in 3D and BIM-oriented. This enables us as a structural engineer to quickly deliver shell construction models in the early planning phases, from which steel and concrete quantities can be quickly derived and made available in list form. This allows you to estimate costs at an early stage and later makes it easier to create a shell construction specification.<\/p>\n\n\n\n<h3 class=\"wp-block-heading\">Planning coordination<\/h3>\n\n\n\n<p>As a further service, we also offer planning coordination in the body shop. Thanks to our many years of experience and the proximity to the construction site, we are able to offer optimal construction site-specific solutions in structural engineering and advise builders, architects and contractors in the early stages of the work.<\/p>\n\n\n\n<p>With our solid and reliable partners for the related disciplines such as geotechnical and building physics planning, we are able to offer the entire spectrum of structural engineering from a single source.<\/p>\n\n\n\n<h3 class=\"wp-block-heading\">Preservation of evidence and expert opinions<\/h3>\n\n\n\n<p>In addition, we take over evidence or the preparation of expert opinions regarding statics and durability.<\/p>\n\n<\/div><\/div><\/div>\n\n<div class=\"gb-grid-column gb-grid-column-36408911\"><div class=\"gb-container gb-container-36408911\"><div class=\"gb-inside-container\">\n\n<figure class=\"wp-block-image size-full is-resized obenY\"><img loading=\"lazy\" decoding=\"async\" width=\"489\" height=\"620\" src=\"https:\/\/www.manidus.de\/WordPress_02\/wp-content\/uploads\/Planung-im-3d-modell1.jpg\" alt=\"\" class=\"wp-image-8978\" style=\"width:350px;height:465px\" srcset=\"https:\/\/www.manidus.de\/WordPress_02\/wp-content\/uploads\/Planung-im-3d-modell1.jpg 489w, https:\/\/www.manidus.de\/WordPress_02\/wp-content\/uploads\/Planung-im-3d-modell1-237x300.jpg 237w\" sizes=\"(max-width: 489px) 100vw, 489px\" \/><figcaption class=\"wp-element-caption\">Beispiel &#8211; Planung im 3D-Modell<\/figcaption><\/figure>\n\n<\/div><\/div><\/div>\n<\/div>","protected":false},"excerpt":{"rendered":"<p>Mittelpunkt unserer T\u00e4tigkeit sind die Planung von Tragwerksl\u00f6sungen und die Erstellung von pr\u00fcff\u00e4higer statischer Tragwerksplanung im Hochbau sowie Ausf\u00fchrungsplanungen im Stahlbeton-, Spannbeton-, Stahl-, Holz- und Mauerwerksbau. Wir beraten Sie in den statischen und konstruktiven Belangen und erarbeiten konstruktive L\u00f6sungen &#8230;<\/p>\n","protected":false},"author":1,"featured_media":0,"parent":0,"menu_order":0,"comment_status":"closed","ping_status":"closed","template":"","meta":{"pgc_sgb_lightbox_settings":"","footnotes":""},"translation":{"provider":"WPGlobus","version":"3.0.2","language":"en","enabled_languages":["de","en"],"languages":{"de":{"title":true,"content":true,"excerpt":true},"en":{"title":true,"content":true,"excerpt":false}}},"yoast_head":"<!-- This site is optimized with the Yoast SEO plugin v24.5 - https:\/\/yoast.com\/wordpress\/plugins\/seo\/ -->\n<title>Statik &amp; Structural Engineering - MaNidus GmbH<\/title>\n<meta name=\"robots\" content=\"index, follow, max-snippet:-1, max-image-preview:large, max-video-preview:-1\" \/>\n<link rel=\"canonical\" href=\"https:\/\/www.manidus.de\/tragwerksplanung\/\" \/>\n<meta property=\"og:locale\" content=\"en_US\" \/>\n<meta property=\"og:type\" content=\"article\" \/>\n<meta property=\"og:title\" content=\"MaNidus - Structural Engineering\" \/>\n<meta property=\"og:url\" content=\"https:\/\/www.manidus.de\/tragwerksplanung\/\" \/>\n<meta property=\"og:site_name\" content=\"MaNidus\" \/>\n<meta property=\"article:modified_time\" content=\"2025-04-22T13:34:27+00:00\" \/>\n<meta property=\"og:image\" content=\"https:\/\/www.manidus.de\/WordPress_02\/wp-content\/uploads\/referenzen2_BAY4.jpg\" \/>\n\t<meta property=\"og:image:width\" content=\"795\" \/>\n\t<meta property=\"og:image:height\" content=\"795\" \/>\n\t<meta property=\"og:image:type\" content=\"image\/jpeg\" \/>\n<meta name=\"twitter:card\" content=\"summary_large_image\" \/>\n<meta name=\"twitter:label1\" content=\"Est. reading time\" \/>\n\t<meta name=\"twitter:data1\" content=\"3 minutes\" \/>\n<!-- \/ Yoast SEO plugin. -->","yoast_head_json":{"title":"Statik & Structural Engineering - MaNidus GmbH","robots":{"index":"index","follow":"follow","max-snippet":"max-snippet:-1","max-image-preview":"max-image-preview:large","max-video-preview":"max-video-preview:-1"},"canonical":"https:\/\/www.manidus.de\/tragwerksplanung\/","og_locale":"en_US","og_type":"article","og_title":"MaNidus - Structural Engineering","og_url":"https:\/\/www.manidus.de\/tragwerksplanung\/","og_site_name":"MaNidus","article_modified_time":"2025-04-22T13:34:27+00:00","og_image":[{"width":795,"height":795,"url":"https:\/\/www.manidus.de\/WordPress_02\/wp-content\/uploads\/referenzen2_BAY4.jpg","type":"image\/jpeg"}],"twitter_card":"summary_large_image","twitter_misc":{"Est. reading time":"3 minutes"},"schema":{"@context":"https:\/\/schema.org","@graph":[{"@type":"WebPage","@id":"https:\/\/www.manidus.de\/tragwerksplanung\/","url":"https:\/\/www.manidus.de\/tragwerksplanung\/","name":"Statik & Structural Engineering - MaNidus GmbH","isPartOf":{"@id":"https:\/\/www.manidus.de\/#website"},"primaryImageOfPage":{"@id":"https:\/\/www.manidus.de\/tragwerksplanung\/#primaryimage"},"image":{"@id":"https:\/\/www.manidus.de\/tragwerksplanung\/#primaryimage"},"thumbnailUrl":"https:\/\/www.manidus.de\/WordPress_02\/wp-content\/uploads\/referenzen2_BAY4.jpg","datePublished":"2019-03-19T16:38:59+00:00","dateModified":"2025-04-22T13:34:27+00:00","description":"Manidus GmbH - Bauingenieure aus Berlin: Tragwerksplanung im Hochbau, Schal- und Bewehrungsplanung, Building Information Modelling (BIM) %","breadcrumb":{"@id":"https:\/\/www.manidus.de\/tragwerksplanung\/#breadcrumb"},"inLanguage":"en-US","potentialAction":[{"@type":"ReadAction","target":["https:\/\/www.manidus.de\/tragwerksplanung\/"]}]},{"@type":"ImageObject","inLanguage":"en-US","@id":"https:\/\/www.manidus.de\/tragwerksplanung\/#primaryimage","url":"https:\/\/www.manidus.de\/WordPress_02\/wp-content\/uploads\/referenzen2_BAY4.jpg","contentUrl":"https:\/\/www.manidus.de\/WordPress_02\/wp-content\/uploads\/referenzen2_BAY4.jpg"},{"@type":"BreadcrumbList","@id":"https:\/\/www.manidus.de\/tragwerksplanung\/#breadcrumb","itemListElement":[{"@type":"ListItem","position":1,"name":"Startseite","item":"https:\/\/www.manidus.de\/"},{"@type":"ListItem","position":2,"name":"Tragwerksplanung im Hochbau"}]},{"@type":"WebSite","@id":"https:\/\/www.manidus.de\/#website","url":"https:\/\/www.manidus.de\/","name":"MaNidus","description":"","publisher":{"@id":"https:\/\/www.manidus.de\/#organization"},"potentialAction":[{"@type":"SearchAction","target":{"@type":"EntryPoint","urlTemplate":"https:\/\/www.manidus.de\/?s={search_term_string}"},"query-input":{"@type":"PropertyValueSpecification","valueRequired":true,"valueName":"search_term_string"}}],"inLanguage":"en-US"},{"@type":"Organization","@id":"https:\/\/www.manidus.de\/#organization","name":"Manidus GmbH","url":"https:\/\/www.manidus.de\/","logo":{"@type":"ImageObject","inLanguage":"en-US","@id":"https:\/\/www.manidus.de\/#\/schema\/logo\/image\/","url":"https:\/\/www.manidus.de\/WordPress_02\/wp-content\/uploads\/Logo_MN_Rahmen.png","contentUrl":"https:\/\/www.manidus.de\/WordPress_02\/wp-content\/uploads\/Logo_MN_Rahmen.png","width":827,"height":827,"caption":"Manidus GmbH"},"image":{"@id":"https:\/\/www.manidus.de\/#\/schema\/logo\/image\/"}}]}},"_links":{"self":[{"href":"https:\/\/www.manidus.de\/en\/wp-json\/wp\/v2\/pages\/401"}],"collection":[{"href":"https:\/\/www.manidus.de\/en\/wp-json\/wp\/v2\/pages"}],"about":[{"href":"https:\/\/www.manidus.de\/en\/wp-json\/wp\/v2\/types\/page"}],"author":[{"embeddable":true,"href":"https:\/\/www.manidus.de\/en\/wp-json\/wp\/v2\/users\/1"}],"replies":[{"embeddable":true,"href":"https:\/\/www.manidus.de\/en\/wp-json\/wp\/v2\/comments?post=401"}],"version-history":[{"count":207,"href":"https:\/\/www.manidus.de\/en\/wp-json\/wp\/v2\/pages\/401\/revisions"}],"predecessor-version":[{"id":14002,"href":"https:\/\/www.manidus.de\/en\/wp-json\/wp\/v2\/pages\/401\/revisions\/14002"}],"wp:attachment":[{"href":"https:\/\/www.manidus.de\/en\/wp-json\/wp\/v2\/media?parent=401"}],"curies":[{"name":"wp","href":"https:\/\/api.w.org\/{rel}","templated":true}]}}