{"id":5851,"date":"2022-09-25T20:21:31","date_gmt":"2022-09-25T20:21:31","guid":{"rendered":"https:\/\/www.manidus.de\/?page_id=5851"},"modified":"2025-06-20T09:00:38","modified_gmt":"2025-06-20T09:00:38","slug":"schal-und-bewehrungsplaene-formular","status":"publish","type":"page","link":"https:\/\/www.manidus.de\/en\/schal-und-bewehrungsplaene-formular\/","title":{"rendered":"Structural Drawings &#8211; Form"},"content":{"rendered":"<div class=\"gb-container gb-container-19e63375\">\n\n<h2 class=\"wp-block-heading\">Angebotsformular Schal- und Bewehrungspl\u00e4ne<\/h2>\n\n\n\n<p>Haben Sie Interesse an einem unverbindlichen Angebot f\u00fcr die Erstellung von Planungsunterlagen? Dann f\u00fcllen Sie das nachfolgende Formular aus, wir werden uns umgehend bei Ihnen melden.<\/p>\n\n\n\n<div class=\"wpcf7 no-js\" id=\"wpcf7-f5850-o1\" lang=\"de-DE\" dir=\"ltr\">\n<div class=\"screen-reader-response\"><p role=\"status\" aria-live=\"polite\" aria-atomic=\"true\"><\/p> <ul><\/ul><\/div>\n<form action=\"\/en\/wp-json\/wp\/v2\/pages\/5851#wpcf7-f5850-o1\" method=\"post\" class=\"wpcf7-form init\" aria-label=\"Kontaktformular\" novalidate=\"novalidate\" data-status=\"init\">\n<div style=\"display: none;\">\n<input type=\"hidden\" name=\"_wpcf7\" value=\"5850\" \/>\n<input type=\"hidden\" name=\"_wpcf7_version\" value=\"5.9.8\" \/>\n<input type=\"hidden\" name=\"_wpcf7_locale\" value=\"de_DE\" \/>\n<input type=\"hidden\" name=\"_wpcf7_unit_tag\" value=\"wpcf7-f5850-o1\" \/>\n<input type=\"hidden\" name=\"_wpcf7_container_post\" value=\"0\" \/>\n<input type=\"hidden\" name=\"_wpcf7_posted_data_hash\" value=\"\" \/>\n<\/div>\n<p><span id=\"wpcf7-69f8b832e64f5-wrapper\" class=\"wpcf7-form-control-wrap Nachname-wrap\" ><input id=\"wpcf7-69f8b832e64f5-field\"  class=\"wpcf7-form-control wpcf7-text\" type=\"text\" name=\"Nachname\" value=\"\" size=\"40\" tabindex=\"-1\" autocomplete=\"new-password\" \/><\/span>\n<\/p>\n<div class=\"sp100\">\n\t<div class=\"sp50\">\n\t\t<p><label> Ihr Name*<br \/>\n<span class=\"wpcf7-form-control-wrap\" data-name=\"your-name\"><input size=\"40\" maxlength=\"400\" class=\"wpcf7-form-control wpcf7-text wpcf7-validates-as-required\" aria-required=\"true\" aria-invalid=\"false\" value=\"\" type=\"text\" name=\"your-name\" \/><\/span> <\/label>\n\t\t<\/p>\n\t<\/div>\n\t<div class=\"sp50\">\n\t\t<p><label> Ihre E-Mail-Adresse*<br \/>\n<span class=\"wpcf7-form-control-wrap\" data-name=\"your-email\"><input size=\"40\" maxlength=\"400\" class=\"wpcf7-form-control wpcf7-email wpcf7-validates-as-required wpcf7-text wpcf7-validates-as-email\" aria-required=\"true\" aria-invalid=\"false\" value=\"\" type=\"email\" name=\"your-email\" \/><\/span> <\/label>\n\t\t<\/p>\n\t<\/div>\n<\/div>\n<div class=\"sp100\">\n\t<div class=\"sp50\">\n\t\t<p><label> Betreff*<br \/>\n<span class=\"wpcf7-form-control-wrap\" data-name=\"your-subject\"><input size=\"40\" maxlength=\"400\" class=\"wpcf7-form-control wpcf7-text wpcf7-validates-as-required\" aria-required=\"true\" aria-invalid=\"false\" value=\"\" type=\"text\" name=\"your-subject\" \/><\/span> <\/label>\n\t\t<\/p>\n\t<\/div>\n\t<div class=\"sp50\">\n\t\t<p><label> Bauwerk (Schule, Wohnen, B\u00fcro...)*<br \/>\n<span class=\"wpcf7-form-control-wrap\" data-name=\"bauwerk\"><input size=\"40\" maxlength=\"400\" class=\"wpcf7-form-control wpcf7-text wpcf7-validates-as-required\" aria-required=\"true\" aria-invalid=\"false\" value=\"\" type=\"text\" name=\"bauwerk\" \/><\/span> <\/label>\n\t\t<\/p>\n\t<\/div>\n<\/div>\n<div class=\"sp100\">\n\t<div class=\"sp25\">\n\t\t<p>Tiefgarage*<br \/>\n<span class=\"wpcf7-form-control-wrap\" data-name=\"TFG\"><span class=\"wpcf7-form-control wpcf7-checkbox wpcf7-validates-as-required wpcf7-exclusive-checkbox\"><span class=\"wpcf7-list-item first\"><input type=\"checkbox\" name=\"TFG\" value=\"ja\" \/><span class=\"wpcf7-list-item-label\">ja<\/span><\/span><span class=\"wpcf7-list-item last\"><input type=\"checkbox\" name=\"TFG\" value=\"nein\" \/><span class=\"wpcf7-list-item-label\">nein<\/span><\/span><\/span><\/span>\n\t\t<\/p>\n\t<\/div>\n\t<div class=\"sp40\">\n\t\t<p><label>Bruttogeschossfl\u00e4che [m\u00b2]*<br \/>\n<span class=\"wpcf7-form-control-wrap\" data-name=\"BGF\"><input class=\"wpcf7-form-control wpcf7-number wpcf7-validates-as-required wpcf7-validates-as-number\" aria-required=\"true\" aria-invalid=\"false\" value=\"\" type=\"number\" name=\"BGF\" \/><\/span> <\/label>\n\t\t<\/p>\n\t<\/div>\n\t<div class=\"sp25\">\n\t\t<p><label>Anz. Geschosse*<br \/>\n<span class=\"wpcf7-form-control-wrap\" data-name=\"anzahl_Geschosse\"><input class=\"wpcf7-form-control wpcf7-number wpcf7-validates-as-required wpcf7-validates-as-number\" aria-required=\"true\" aria-invalid=\"false\" value=\"\" type=\"number\" name=\"anzahl_Geschosse\" \/><\/span><\/label>\n\t\t<\/p>\n\t<\/div>\n<\/div>\n<div class=\"sp100\">\n\t<div class=\"sp40\">\n\t\t<p>Schalpl\u00e4ne*<br \/>\n<span class=\"wpcf7-form-control-wrap\" data-name=\"SPL\"><span class=\"wpcf7-form-control wpcf7-checkbox wpcf7-validates-as-required wpcf7-exclusive-checkbox\"><span class=\"wpcf7-list-item first\"><input type=\"checkbox\" name=\"SPL\" value=\"ja\" \/><span class=\"wpcf7-list-item-label\">ja<\/span><\/span><span class=\"wpcf7-list-item last\"><input type=\"checkbox\" name=\"SPL\" value=\"nein\" \/><span class=\"wpcf7-list-item-label\">nein<\/span><\/span><\/span><\/span>\n\t\t<\/p>\n\t<\/div>\n\t<div class=\"sp40\">\n\t\t<p>Bewehrungspl\u00e4ne*<br \/>\n<span class=\"wpcf7-form-control-wrap\" data-name=\"BPL\"><span class=\"wpcf7-form-control wpcf7-checkbox wpcf7-validates-as-required wpcf7-exclusive-checkbox\"><span class=\"wpcf7-list-item first\"><input type=\"checkbox\" name=\"BPL\" value=\"ja\" \/><span class=\"wpcf7-list-item-label\">ja<\/span><\/span><span class=\"wpcf7-list-item last\"><input type=\"checkbox\" name=\"BPL\" value=\"nein\" \/><span class=\"wpcf7-list-item-label\">nein<\/span><\/span><\/span><\/span>\n\t\t<\/p>\n\t<\/div>\n<\/div>\n<div class=\"sp100\">\n\t<div class=\"sp40\">\n\t\t<p>Filigrandecken*<br \/>\n<span class=\"wpcf7-form-control-wrap\" data-name=\"FGD\"><span class=\"wpcf7-form-control wpcf7-checkbox wpcf7-validates-as-required wpcf7-exclusive-checkbox\"><span class=\"wpcf7-list-item first\"><input type=\"checkbox\" name=\"FGD\" value=\"ja\" \/><span class=\"wpcf7-list-item-label\">ja<\/span><\/span><span class=\"wpcf7-list-item last\"><input type=\"checkbox\" name=\"FGD\" value=\"nein\" \/><span class=\"wpcf7-list-item-label\">nein<\/span><\/span><\/span><\/span>\n\t\t<\/p>\n\t<\/div>\n\t<div class=\"sp40\">\n\t\t<p>Hohlw\u00e4nde*<br \/>\n<span class=\"wpcf7-form-control-wrap\" data-name=\"HOW\"><span class=\"wpcf7-form-control wpcf7-checkbox wpcf7-validates-as-required wpcf7-exclusive-checkbox\"><span class=\"wpcf7-list-item first\"><input type=\"checkbox\" name=\"HOW\" value=\"ja\" \/><span class=\"wpcf7-list-item-label\">ja<\/span><\/span><span class=\"wpcf7-list-item last\"><input type=\"checkbox\" name=\"HOW\" value=\"nein\" \/><span class=\"wpcf7-list-item-label\">nein<\/span><\/span><\/span><\/span>\n\t\t<\/p>\n\t<\/div>\n<\/div>\n<div class=\"sp100\">\n<\/div>\n<div class=\"sp100\">\n\t<p><label> Kurze Beschreibung\/sonstiges (optional)<br \/>\n<span class=\"wpcf7-form-control-wrap\" data-name=\"your-message\"><textarea cols=\"40\" rows=\"10\" maxlength=\"2000\" class=\"wpcf7-form-control wpcf7-textarea\" aria-invalid=\"false\" name=\"your-message\"><\/textarea><\/span> <\/label>\n\t<\/p>\n<\/div>\n<p><input class=\"wpcf7-form-control wpcf7-submit has-spinner\" type=\"submit\" value=\"Senden\" \/>\n<\/p>\n<p>* Diese Felder sind erforderlich.\n<\/p><div class=\"wpcf7-response-output\" aria-hidden=\"true\"><\/div>\n<\/form>\n<\/div>\n\n\n<\/div>","protected":false},"excerpt":{"rendered":"<p>Angebotsformular Schal- und Bewehrungspl\u00e4ne Haben Sie Interesse an einem unverbindlichen Angebot f\u00fcr die Erstellung von Planungsunterlagen? Dann f\u00fcllen Sie das nachfolgende Formular aus, wir werden uns umgehend bei Ihnen melden.<\/p>\n","protected":false},"author":2,"featured_media":0,"parent":0,"menu_order":0,"comment_status":"closed","ping_status":"closed","template":"","meta":{"pgc_sgb_lightbox_settings":"","footnotes":""},"translation":{"provider":"WPGlobus","version":"3.0.2","language":"en","enabled_languages":["de","en"],"languages":{"de":{"title":true,"content":true,"excerpt":false},"en":{"title":true,"content":false,"excerpt":false}}},"yoast_head":"<!-- This site is optimized with the Yoast SEO plugin v24.5 - https:\/\/yoast.com\/wordpress\/plugins\/seo\/ -->\n<title>Structural Drawings - Form - MaNidus GmbH - Bauingenieure aus Berlin<\/title>\n<meta name=\"robots\" content=\"index, follow, max-snippet:-1, max-image-preview:large, max-video-preview:-1\" \/>\n<link rel=\"canonical\" href=\"https:\/\/www.manidus.de\/schal-und-bewehrungsplaene-formular\/\" \/>\n<meta property=\"og:locale\" content=\"en_US\" \/>\n<meta property=\"og:type\" content=\"article\" \/>\n<meta property=\"og:title\" content=\"MaNidus - Structural Drawings - Form\" \/>\n<meta property=\"og:url\" content=\"https:\/\/www.manidus.de\/schal-und-bewehrungsplaene-formular\/\" \/>\n<meta property=\"og:site_name\" content=\"MaNidus\" \/>\n<meta property=\"article:modified_time\" content=\"2025-06-20T09:00:38+00:00\" \/>\n<meta name=\"twitter:card\" content=\"summary_large_image\" \/>\n<meta name=\"twitter:label1\" content=\"Est. reading time\" \/>\n\t<meta name=\"twitter:data1\" content=\"1 minute\" \/>\n<!-- \/ Yoast SEO plugin. -->","yoast_head_json":{"title":"Structural Drawings - Form - MaNidus GmbH - Bauingenieure aus Berlin","robots":{"index":"index","follow":"follow","max-snippet":"max-snippet:-1","max-image-preview":"max-image-preview:large","max-video-preview":"max-video-preview:-1"},"canonical":"https:\/\/www.manidus.de\/schal-und-bewehrungsplaene-formular\/","og_locale":"en_US","og_type":"article","og_title":"MaNidus - Structural Drawings - Form","og_url":"https:\/\/www.manidus.de\/schal-und-bewehrungsplaene-formular\/","og_site_name":"MaNidus","article_modified_time":"2025-06-20T09:00:38+00:00","twitter_card":"summary_large_image","twitter_misc":{"Est. reading time":"1 minute"},"schema":{"@context":"https:\/\/schema.org","@graph":[{"@type":"WebPage","@id":"https:\/\/www.manidus.de\/schal-und-bewehrungsplaene-formular\/","url":"https:\/\/www.manidus.de\/schal-und-bewehrungsplaene-formular\/","name":"Structural Drawings - Form - MaNidus GmbH - Bauingenieure aus Berlin","isPartOf":{"@id":"https:\/\/www.manidus.de\/#website"},"datePublished":"2022-09-25T20:21:31+00:00","dateModified":"2025-06-20T09:00:38+00:00","description":"Manidus GmbH - Bauingenieure aus Berlin: Erstellung Schal- und Bewehrungspl\u00e4ne, Beratung, Tragwerksplanungen, Statik , Building Information Modelling (BIM)","breadcrumb":{"@id":"https:\/\/www.manidus.de\/schal-und-bewehrungsplaene-formular\/#breadcrumb"},"inLanguage":"en-US","potentialAction":[{"@type":"ReadAction","target":["https:\/\/www.manidus.de\/schal-und-bewehrungsplaene-formular\/"]}]},{"@type":"BreadcrumbList","@id":"https:\/\/www.manidus.de\/schal-und-bewehrungsplaene-formular\/#breadcrumb","itemListElement":[{"@type":"ListItem","position":1,"name":"Startseite","item":"https:\/\/www.manidus.de\/"},{"@type":"ListItem","position":2,"name":"Schal- und Bewehrungspl\u00e4ne"}]},{"@type":"WebSite","@id":"https:\/\/www.manidus.de\/#website","url":"https:\/\/www.manidus.de\/","name":"MaNidus","description":"","publisher":{"@id":"https:\/\/www.manidus.de\/#organization"},"potentialAction":[{"@type":"SearchAction","target":{"@type":"EntryPoint","urlTemplate":"https:\/\/www.manidus.de\/?s={search_term_string}"},"query-input":{"@type":"PropertyValueSpecification","valueRequired":true,"valueName":"search_term_string"}}],"inLanguage":"en-US"},{"@type":"Organization","@id":"https:\/\/www.manidus.de\/#organization","name":"Manidus GmbH","url":"https:\/\/www.manidus.de\/","logo":{"@type":"ImageObject","inLanguage":"en-US","@id":"https:\/\/www.manidus.de\/#\/schema\/logo\/image\/","url":"https:\/\/www.manidus.de\/WordPress_02\/wp-content\/uploads\/Logo_MN_Rahmen.png","contentUrl":"https:\/\/www.manidus.de\/WordPress_02\/wp-content\/uploads\/Logo_MN_Rahmen.png","width":827,"height":827,"caption":"Manidus GmbH"},"image":{"@id":"https:\/\/www.manidus.de\/#\/schema\/logo\/image\/"}}]}},"_links":{"self":[{"href":"https:\/\/www.manidus.de\/en\/wp-json\/wp\/v2\/pages\/5851"}],"collection":[{"href":"https:\/\/www.manidus.de\/en\/wp-json\/wp\/v2\/pages"}],"about":[{"href":"https:\/\/www.manidus.de\/en\/wp-json\/wp\/v2\/types\/page"}],"author":[{"embeddable":true,"href":"https:\/\/www.manidus.de\/en\/wp-json\/wp\/v2\/users\/2"}],"replies":[{"embeddable":true,"href":"https:\/\/www.manidus.de\/en\/wp-json\/wp\/v2\/comments?post=5851"}],"version-history":[{"count":10,"href":"https:\/\/www.manidus.de\/en\/wp-json\/wp\/v2\/pages\/5851\/revisions"}],"predecessor-version":[{"id":14362,"href":"https:\/\/www.manidus.de\/en\/wp-json\/wp\/v2\/pages\/5851\/revisions\/14362"}],"wp:attachment":[{"href":"https:\/\/www.manidus.de\/en\/wp-json\/wp\/v2\/media?parent=5851"}],"curies":[{"name":"wp","href":"https:\/\/api.w.org\/{rel}","templated":true}]}}